{"id":3751,"date":"2022-03-09T23:02:20","date_gmt":"2022-03-10T02:02:20","guid":{"rendered":"https:\/\/www.hardyglobalmissions.org\/educacao\/"},"modified":"2023-06-18T21:13:59","modified_gmt":"2023-06-19T00:13:59","slug":"educacao","status":"publish","type":"page","link":"https:\/\/www.hardyglobalmissions.org\/en\/educacao\/","title":{"rendered":"Education"},"content":{"rendered":"\r\n<h1>EDUCA\u00c7\u00c3O<\/h1>\r\n<h3>ESCOLA HARDY GLOBAL MISSIONS<\/h3>\r\n<h3>&#8211; Escola<\/h3>\r\n<p>A educa\u00e7\u00e3o \u00e9 a base para tudo em nossas vidas. \u00c9 com ela que conseguimos alcan\u00e7ar um futuro melhor, um futuro cheio de oportunidades.<\/p>\r\n<p>E n\u00f3s da HGM (Hardy Global Missions), estamos cada vez mais cuidando da educa\u00e7\u00e3o das crian\u00e7as que tomamos conta. Temos v\u00e1rios projetos que j\u00e1 est\u00e3o em andamento, por\u00e9m, sem a sua ajuda n\u00e3o conseguimos alcan\u00e7ar nossos sonhou para as crian\u00e7as.<\/p>\r\n<p>Nos ajude a levar a educa\u00e7\u00e3o as crian\u00e7as sertanejas, as crian\u00e7as da \u00c1frica, nos ajude a levar oportunidades!<\/p>\r\n<p><a role=\"button\" href=\"https:\/\/www.hardyglobalmissions.org\/produto\/nossa-escola\/\" target=\"_self\" rel=\"noopener\" aria-label=\"Quero ajudar!\"> Quero ajudar! <\/a> <img loading=\"lazy\" decoding=\"async\" title=\"Prancheta 1\" src=\"https:\/\/www.hardyglobalmissions.org\/wp-content\/uploads\/2022\/03\/Prancheta-1.jpg\" alt=\"Prancheta 1\" width=\"1080\" height=\"1080\" \/><\/p>\r\n","protected":false},"excerpt":{"rendered":"<p>EDUCA\u00c7\u00c3O ESCOLA HARDY GLOBAL MISSIONS &#8211; Escola A educa\u00e7\u00e3o \u00e9 a base para tudo em nossas vidas. \u00c9 com ela que conseguimos alcan\u00e7ar um futuro melhor, um futuro cheio de oportunidades. E n\u00f3s da HGM (Hardy Global Missions), estamos cada vez mais cuidando da educa\u00e7\u00e3o das crian\u00e7as que tomamos conta. Temos v\u00e1rios projetos que j\u00e1 [&hellip;]<\/p>\n","protected":false},"author":114,"featured_media":0,"parent":0,"menu_order":0,"comment_status":"closed","ping_status":"closed","template":"","meta":{"give_campaign_id":0,"inline_featured_image":false,"site-sidebar-layout":"no-sidebar","site-content-layout":"page-builder","ast-site-content-layout":"default","site-content-style":"default","site-sidebar-style":"default","ast-global-header-display":"","ast-banner-title-visibility":"","ast-main-header-display":"","ast-hfb-above-header-display":"","ast-hfb-below-header-display":"","ast-hfb-mobile-header-display":"","site-post-title":"disabled","ast-breadcrumbs-content":"","ast-featured-img":"disabled","footer-sml-layout":"","ast-disable-related-posts":"","theme-transparent-header-meta":"default","adv-header-id-meta":"","stick-header-meta":"","header-above-stick-meta":"","header-main-stick-meta":"","header-below-stick-meta":"","astra-migrate-meta-layouts":"default","ast-page-background-enabled":"default","ast-page-background-meta":{"desktop":{"background-color":"","background-image":"","background-repeat":"repeat","background-position":"center center","background-size":"auto","background-attachment":"scroll","background-type":"","background-media":"","overlay-type":"","overlay-color":"","overlay-opacity":"","overlay-gradient":""},"tablet":{"background-color":"","background-image":"","background-repeat":"repeat","background-position":"center center","background-size":"auto","background-attachment":"scroll","background-type":"","background-media":"","overlay-type":"","overlay-color":"","overlay-opacity":"","overlay-gradient":""},"mobile":{"background-color":"","background-image":"","background-repeat":"repeat","background-position":"center center","background-size":"auto","background-attachment":"scroll","background-type":"","background-media":"","overlay-type":"","overlay-color":"","overlay-opacity":"","overlay-gradient":""}},"ast-content-background-meta":{"desktop":{"background-color":"var(--ast-global-color-5)","background-image":"","background-repeat":"repeat","background-position":"center center","background-size":"auto","background-attachment":"scroll","background-type":"","background-media":"","overlay-type":"","overlay-color":"","overlay-opacity":"","overlay-gradient":""},"tablet":{"background-color":"var(--ast-global-color-5)","background-image":"","background-repeat":"repeat","background-position":"center center","background-size":"auto","background-attachment":"scroll","background-type":"","background-media":"","overlay-type":"","overlay-color":"","overlay-opacity":"","overlay-gradient":""},"mobile":{"background-color":"var(--ast-global-color-5)","background-image":"","background-repeat":"repeat","background-position":"center center","background-size":"auto","background-attachment":"scroll","background-type":"","background-media":"","overlay-type":"","overlay-color":"","overlay-opacity":"","overlay-gradient":""}},"footnotes":""},"class_list":["post-3751","page","type-page","status-publish","hentry"],"campaignId":"","_links":{"self":[{"href":"https:\/\/www.hardyglobalmissions.org\/en\/wp-json\/wp\/v2\/pages\/3751","targetHints":{"allow":["GET"]}}],"collection":[{"href":"https:\/\/www.hardyglobalmissions.org\/en\/wp-json\/wp\/v2\/pages"}],"about":[{"href":"https:\/\/www.hardyglobalmissions.org\/en\/wp-json\/wp\/v2\/types\/page"}],"author":[{"embeddable":true,"href":"https:\/\/www.hardyglobalmissions.org\/en\/wp-json\/wp\/v2\/users\/114"}],"replies":[{"embeddable":true,"href":"https:\/\/www.hardyglobalmissions.org\/en\/wp-json\/wp\/v2\/comments?post=3751"}],"version-history":[{"count":3,"href":"https:\/\/www.hardyglobalmissions.org\/en\/wp-json\/wp\/v2\/pages\/3751\/revisions"}],"predecessor-version":[{"id":3770,"href":"https:\/\/www.hardyglobalmissions.org\/en\/wp-json\/wp\/v2\/pages\/3751\/revisions\/3770"}],"wp:attachment":[{"href":"https:\/\/www.hardyglobalmissions.org\/en\/wp-json\/wp\/v2\/media?parent=3751"}],"curies":[{"name":"wp","href":"https:\/\/api.w.org\/{rel}","templated":true}]}}